{"id":370,"date":"2018-07-10T10:47:03","date_gmt":"2018-07-10T08:47:03","guid":{"rendered":"https:\/\/dkkraner.dk\/?page_id=370"},"modified":"2019-11-05T14:04:06","modified_gmt":"2019-11-05T13:04:06","slug":"mastekraner","status":"publish","type":"page","link":"https:\/\/dkkraner.dk\/?page_id=370","title":{"rendered":"Mastekraner"},"content":{"rendered":"\n<h1 class=\"wp-block-heading\" id=\"mce_68\"><strong>Ny type af mastekran<\/strong><\/h1>\n\n\n\n<h3 class=\"wp-block-heading\">S\u00f8ger I en ny l\u00f8sning til p\u00e5s\u00e6tning og aftagningen af master p\u00e5 jeres sejlb\u00e5de i lystb\u00e5dehavnen? Hos DK Cranes laver vi innovative og p\u00e5lidelige mastekraner, som g\u00f8r det nemt og sikkert for jer at betjene. \u00d8nsket er at g\u00f8re h\u00f8js\u00e6sonerne i lystb\u00e5dehavnene mere behagelige for b\u00e5de ledelse og sejlere.<br><br><\/h3>\n\n\n\n<div class=\"wp-block-columns has-2-columns is-layout-flex wp-container-core-columns-is-layout-9d6595d7 wp-block-columns-is-layout-flex\">\n<div class=\"wp-block-column is-layout-flow wp-block-column-is-layout-flow\">\n<h3 class=\"wp-block-heading\"><strong>Innovativ l\u00f8sning<\/strong><\/h3>\n\n\n\n<p>DK Cranes lancerede i 2016 et helt nyt produkt af mastekraner. Id\u00e9en til udviklingen af den nye type mastekran opstod, fordi der i mange \u00e5r har manglet nyt\u00e6nkning af denne krantype. DK Cranes er stolte af at v\u00e6re f\u00f8rst med en innovativ og driftssikker mastekran til p\u00e5s\u00e6tning og aftagning af master p\u00e5 sejlb\u00e5de. <\/p>\n<\/div>\n\n\n\n<div class=\"wp-block-column is-layout-flow wp-block-column-is-layout-flow\">\n<h3 class=\"wp-block-heading\"><strong>Kunderne er vores bedste sparringspartnere<\/strong><\/h3>\n\n\n\n<p>\n\nMed vores efterh\u00e5nden store erfaring p\u00e5 omr\u00e5det, og som en af de f\u00f8rende forhandlere af denne type kran i Danmark, s\u00e6tter vi stort flid til at levere denne type kran med st\u00f8rst mulig kvalitet. Hj\u00e6lpen til konstant at g\u00f8re vores knowhow p\u00e5 dette omr\u00e5de, f\u00e5r vi ofte fra vores gode kunder, som bruger kranerne dagligt, og derfor kan hj\u00e6lpe til med finjustering af de forskellige funktioner.\n\n<\/p>\n<\/div>\n<\/div>\n\n\n\n<hr class=\"wp-block-separator\"\/>\n\n\n\n<h2 class=\"wp-block-heading\" style=\"text-align:center\"><a href=\"\/projekter\/ #g-features\"> <\/a><strong><a href=\"\/projekter\/ #g-features\">Se eksempler p\u00e5 mastekraner vi har produceret.<\/a><\/strong><\/h2>\n\n\n\n<hr class=\"wp-block-separator\"\/>\n\n\n\n<h2 class=\"wp-block-heading\"><strong>Hvilken mastekran skal vi v\u00e6lge?<\/strong><\/h2>\n\n\n\n<div class=\"wp-block-columns has-2-columns is-layout-flex wp-container-core-columns-is-layout-9d6595d7 wp-block-columns-is-layout-flex\">\n<div class=\"wp-block-column is-layout-flow wp-block-column-is-layout-flow\">\n<p>Vi har til dato udviklet tre forskellige variationer af mastekraner:<br><\/p>\n\n\n\n<ul class=\"wp-block-list\"><li>500 kg \u2013 11\/13,5 meter<\/li><li>1600 kg \u2013 13\/15,5 meter<\/li><li>2500 kg \u2013 15 meter<\/li><\/ul>\n\n\n\n<p>De to st\u00f8rste modeller er konstrueret, s\u00e5 de er godkendt til personl\u00f8ft efter AT\u2019s og maskindirektivets anvisninger. De store mastekraner benyttes ofte ogs\u00e5 til s\u00f8s\u00e6tning af mindre b\u00e5de.<\/p>\n\n\n\n<p>St\u00f8rrelsen af kranen afh\u00e6nger af st\u00f8rrelsen p\u00e5 b\u00e5dene i havnen. V\u00e6lg dog altid en st\u00f8rrelse for stor end for lille, da b\u00e5dene kun bliver st\u00f8rre og st\u00f8rre.<\/p>\n<\/div>\n\n\n\n<div class=\"wp-block-column is-layout-flow wp-block-column-is-layout-flow\">\n<p>Ved salg af b\u00e5de mastekran hj\u00e6lper DK Cranes gerne med levering af en totall\u00f8sning, s\u00e5 havnen slipper for at t\u00e6nke p\u00e5 fundamenter, jordbundspr\u00f8ver, pilotering mm. DK Cranes har opbygget et godt og solidt netv\u00e6rk af gode leverand\u00f8rer, s\u00e5 vi derved bedst muligt kan gennemf\u00f8re en opf\u00f8lgningsproces inkl. byggeans\u00f8gninger, funderinger\/kranfundament og til sidst montering af mastekranen.<\/p>\n<\/div>\n<\/div>\n\n\n\n<hr class=\"wp-block-separator\"\/>\n\n\n\n<div class=\"wp-block-columns has-2-columns is-layout-flex wp-container-core-columns-is-layout-9d6595d7 wp-block-columns-is-layout-flex\">\n<div class=\"wp-block-column is-layout-flow wp-block-column-is-layout-flow\">\n<h2 class=\"wp-block-heading\" id=\"mce_42\"><strong>Betjening af mastekraner<\/strong><\/h2>\n\n\n\n<p>\n\nMastekranen betjenes ved brugen af en fjernbetjening, der er meget brugervenlig at h\u00e5ndtere. Vi sender altid to fjernbetjeninger med ved ops\u00e6tningen af en mastekran. S\u00e5ledes er I sikret, at selvom den ene skulle g\u00e5 i stykker, falde i vandet eller andet, s\u00e5 har I en reserve at tage i brug, og dagens opgaver kan forts\u00e6tte ufortr\u00f8dent. Skulle uheldet v\u00e6re ude, kan I her finde en guide, der viser hvordan I aktiverer reservefjernbetjeningen.\n\n<\/p>\n<\/div>\n\n\n\n<div class=\"wp-block-column is-layout-flow wp-block-column-is-layout-flow\">\n<p><\/p>\n\n\n\n<div class=\"wp-block-image\"><figure class=\"aligncenter is-resized\"><img loading=\"lazy\" decoding=\"async\" src=\"https:\/\/dkkraner.dk\/wp-content\/uploads\/2018\/12\/juuko_betjening-e1543843586353.png\" alt=\"nem brugervenlig betjening af mastekraner\" class=\"wp-image-495\" width=\"222\" height=\"257\"\/><figcaption><br>Det er let at bruge mastekranen, da den styres via en lille h\u00e5ndsender.<\/figcaption><\/figure><\/div>\n<\/div>\n<\/div>\n\n\n\n<hr class=\"wp-block-separator\"\/>\n\n\n\n<div class=\"wp-block-columns has-2-columns is-layout-flex wp-container-core-columns-is-layout-9d6595d7 wp-block-columns-is-layout-flex\">\n<div class=\"wp-block-column is-layout-flow wp-block-column-is-layout-flow\">\n<h2 class=\"wp-block-heading\" id=\"mce_21\"><strong>Materiale<\/strong><\/h2>\n\n\n\n<p>\n\nAlle vores mastekraner er produceret af galvaniseret st\u00e5l, som s\u00f8rger for, at I f\u00e5r en st\u00e6rk mastekran i jeres havn, der kan klare at st\u00e5 ude, uanset hvilken s\u00e6son vi befinder os i.\n\n<\/p>\n<\/div>\n\n\n\n<div class=\"wp-block-column is-layout-flow wp-block-column-is-layout-flow\">\n<p style=\"background-color:#424753\" class=\"has-text-color has-background has-very-light-gray-color\"><strong>Et godt makkerpar<\/strong><br><br>En mastekran og en yachtkran er det perfekte makkerpar i enhver lystb\u00e5dehavn. Med begge typer af kran er din lystb\u00e5dehavn klar til at hj\u00e6lpe b\u00e5dejerne p\u00e5 bedste vis. L\u00e6s mere om yachtkraner her: <a href=\"\/yachtkraner\">yachkraner<\/a>.<\/p>\n<\/div>\n<\/div>\n","protected":false},"excerpt":{"rendered":"<p>Ny type af mastekran S\u00f8ger I en ny l\u00f8sning til p\u00e5s\u00e6tning og aftagningen af master p\u00e5 jeres sejlb\u00e5de i lystb\u00e5dehavnen? Hos DK Cranes laver vi innovative og p\u00e5lidelige mastekraner, som g\u00f8r det nemt og sikkert for jer at betjene. \u00d8nsket er at g\u00f8re h\u00f8js\u00e6sonerne i lystb\u00e5dehavnene mere behagelige for b\u00e5de ledelse og sejlere. Innovativ l\u00f8sning [&hellip;]<\/p>\n","protected":false},"author":4,"featured_media":0,"parent":0,"menu_order":0,"comment_status":"closed","ping_status":"closed","template":"","meta":{"footnotes":""},"class_list":["post-370","page","type-page","status-publish","hentry"],"yoast_head":"<!-- This site is optimized with the Yoast SEO plugin v18.2 - https:\/\/yoast.com\/wordpress\/plugins\/seo\/ -->\n<title>Specialproduceret Mastekraner - F\u00e5 nemt master p\u00e5 og af sejlb\u00e5dene.<\/title>\n<meta name=\"description\" content=\"Vi har produceret mange mastekraner, og ved at lystb\u00e5dehavne beh\u00f8ver en brugervenlig, stabil og st\u00e6rk mastekran, som b\u00e5dejerne nemt selv kan betjene.\" \/>\n<meta name=\"robots\" content=\"index, follow, max-snippet:-1, max-image-preview:large, max-video-preview:-1\" \/>\n<link rel=\"canonical\" href=\"https:\/\/dkkraner.dk\/?page_id=370\" \/>\n<meta property=\"og:locale\" content=\"da_DK\" \/>\n<meta property=\"og:type\" content=\"article\" \/>\n<meta property=\"og:title\" content=\"Specialproduceret Mastekraner - F\u00e5 nemt master p\u00e5 og af sejlb\u00e5dene.\" \/>\n<meta property=\"og:description\" content=\"Vi har produceret mange mastekraner, og ved at lystb\u00e5dehavne beh\u00f8ver en brugervenlig, stabil og st\u00e6rk mastekran, som b\u00e5dejerne nemt selv kan betjene.\" \/>\n<meta property=\"og:url\" content=\"https:\/\/dkkraner.dk\/?page_id=370\" \/>\n<meta property=\"og:site_name\" content=\"DK Kraner\" \/>\n<meta property=\"article:modified_time\" content=\"2019-11-05T13:04:06+00:00\" \/>\n<meta property=\"og:image\" content=\"https:\/\/dkkraner.dk\/wp-content\/uploads\/2018\/12\/juuko_betjening-e1543843586353.png\" \/>\n<meta name=\"twitter:card\" content=\"summary_large_image\" \/>\n<meta name=\"twitter:label1\" content=\"Estimeret l\u00e6setid\" \/>\n\t<meta name=\"twitter:data1\" content=\"3 minutter\" \/>\n<script type=\"application\/ld+json\" class=\"yoast-schema-graph\">{\"@context\":\"https:\/\/schema.org\",\"@graph\":[{\"@type\":\"Organization\",\"@id\":\"https:\/\/dkkraner.dk\/#organization\",\"name\":\"DK Cranes\",\"url\":\"https:\/\/dkkraner.dk\/\",\"sameAs\":[],\"logo\":{\"@type\":\"ImageObject\",\"@id\":\"https:\/\/dkkraner.dk\/#logo\",\"inLanguage\":\"da-DK\",\"url\":\"https:\/\/dkkraner.dk\/wp-content\/uploads\/2018\/03\/dk_kraner_logo_1.png\",\"contentUrl\":\"https:\/\/dkkraner.dk\/wp-content\/uploads\/2018\/03\/dk_kraner_logo_1.png\",\"width\":239,\"height\":64,\"caption\":\"DK Cranes\"},\"image\":{\"@id\":\"https:\/\/dkkraner.dk\/#logo\"}},{\"@type\":\"WebSite\",\"@id\":\"https:\/\/dkkraner.dk\/#website\",\"url\":\"https:\/\/dkkraner.dk\/\",\"name\":\"DK Cranes\",\"description\":\"Vores service, din sikkerhed....!\",\"publisher\":{\"@id\":\"https:\/\/dkkraner.dk\/#organization\"},\"potentialAction\":[{\"@type\":\"SearchAction\",\"target\":{\"@type\":\"EntryPoint\",\"urlTemplate\":\"https:\/\/dkkraner.dk\/?s={search_term_string}\"},\"query-input\":\"required name=search_term_string\"}],\"inLanguage\":\"da-DK\"},{\"@type\":\"ImageObject\",\"@id\":\"https:\/\/dkkraner.dk\/?page_id=370#primaryimage\",\"inLanguage\":\"da-DK\",\"url\":\"https:\/\/dkkraner.dk\/wp-content\/uploads\/2018\/12\/juuko_betjening-e1543843586353.png\",\"contentUrl\":\"https:\/\/dkkraner.dk\/wp-content\/uploads\/2018\/12\/juuko_betjening-e1543843586353.png\",\"width\":300,\"height\":348,\"caption\":\"nem brugervenlig betjening af mastekraner\"},{\"@type\":\"WebPage\",\"@id\":\"https:\/\/dkkraner.dk\/?page_id=370#webpage\",\"url\":\"https:\/\/dkkraner.dk\/?page_id=370\",\"name\":\"Specialproduceret Mastekraner - F\u00e5 nemt master p\u00e5 og af sejlb\u00e5dene.\",\"isPartOf\":{\"@id\":\"https:\/\/dkkraner.dk\/#website\"},\"primaryImageOfPage\":{\"@id\":\"https:\/\/dkkraner.dk\/?page_id=370#primaryimage\"},\"datePublished\":\"2018-07-10T08:47:03+00:00\",\"dateModified\":\"2019-11-05T13:04:06+00:00\",\"description\":\"Vi har produceret mange mastekraner, og ved at lystb\u00e5dehavne beh\u00f8ver en brugervenlig, stabil og st\u00e6rk mastekran, som b\u00e5dejerne nemt selv kan betjene.\",\"breadcrumb\":{\"@id\":\"https:\/\/dkkraner.dk\/?page_id=370#breadcrumb\"},\"inLanguage\":\"da-DK\",\"potentialAction\":[{\"@type\":\"ReadAction\",\"target\":[\"https:\/\/dkkraner.dk\/?page_id=370\"]}]},{\"@type\":\"BreadcrumbList\",\"@id\":\"https:\/\/dkkraner.dk\/?page_id=370#breadcrumb\",\"itemListElement\":[{\"@type\":\"ListItem\",\"position\":1,\"name\":\"Hjem\",\"item\":\"https:\/\/dkkraner.dk\/\"},{\"@type\":\"ListItem\",\"position\":2,\"name\":\"Mastekraner\"}]}]}<\/script>\n<!-- \/ Yoast SEO plugin. -->","yoast_head_json":{"title":"Specialproduceret Mastekraner - F\u00e5 nemt master p\u00e5 og af sejlb\u00e5dene.","description":"Vi har produceret mange mastekraner, og ved at lystb\u00e5dehavne beh\u00f8ver en brugervenlig, stabil og st\u00e6rk mastekran, som b\u00e5dejerne nemt selv kan betjene.","robots":{"index":"index","follow":"follow","max-snippet":"max-snippet:-1","max-image-preview":"max-image-preview:large","max-video-preview":"max-video-preview:-1"},"canonical":"https:\/\/dkkraner.dk\/?page_id=370","og_locale":"da_DK","og_type":"article","og_title":"Specialproduceret Mastekraner - F\u00e5 nemt master p\u00e5 og af sejlb\u00e5dene.","og_description":"Vi har produceret mange mastekraner, og ved at lystb\u00e5dehavne beh\u00f8ver en brugervenlig, stabil og st\u00e6rk mastekran, som b\u00e5dejerne nemt selv kan betjene.","og_url":"https:\/\/dkkraner.dk\/?page_id=370","og_site_name":"DK Kraner","article_modified_time":"2019-11-05T13:04:06+00:00","og_image":[{"url":"https:\/\/dkkraner.dk\/wp-content\/uploads\/2018\/12\/juuko_betjening-e1543843586353.png"}],"twitter_card":"summary_large_image","twitter_misc":{"Estimeret l\u00e6setid":"3 minutter"},"schema":{"@context":"https:\/\/schema.org","@graph":[{"@type":"Organization","@id":"https:\/\/dkkraner.dk\/#organization","name":"DK Cranes","url":"https:\/\/dkkraner.dk\/","sameAs":[],"logo":{"@type":"ImageObject","@id":"https:\/\/dkkraner.dk\/#logo","inLanguage":"da-DK","url":"https:\/\/dkkraner.dk\/wp-content\/uploads\/2018\/03\/dk_kraner_logo_1.png","contentUrl":"https:\/\/dkkraner.dk\/wp-content\/uploads\/2018\/03\/dk_kraner_logo_1.png","width":239,"height":64,"caption":"DK Cranes"},"image":{"@id":"https:\/\/dkkraner.dk\/#logo"}},{"@type":"WebSite","@id":"https:\/\/dkkraner.dk\/#website","url":"https:\/\/dkkraner.dk\/","name":"DK Cranes","description":"Vores service, din sikkerhed....!","publisher":{"@id":"https:\/\/dkkraner.dk\/#organization"},"potentialAction":[{"@type":"SearchAction","target":{"@type":"EntryPoint","urlTemplate":"https:\/\/dkkraner.dk\/?s={search_term_string}"},"query-input":"required name=search_term_string"}],"inLanguage":"da-DK"},{"@type":"ImageObject","@id":"https:\/\/dkkraner.dk\/?page_id=370#primaryimage","inLanguage":"da-DK","url":"https:\/\/dkkraner.dk\/wp-content\/uploads\/2018\/12\/juuko_betjening-e1543843586353.png","contentUrl":"https:\/\/dkkraner.dk\/wp-content\/uploads\/2018\/12\/juuko_betjening-e1543843586353.png","width":300,"height":348,"caption":"nem brugervenlig betjening af mastekraner"},{"@type":"WebPage","@id":"https:\/\/dkkraner.dk\/?page_id=370#webpage","url":"https:\/\/dkkraner.dk\/?page_id=370","name":"Specialproduceret Mastekraner - F\u00e5 nemt master p\u00e5 og af sejlb\u00e5dene.","isPartOf":{"@id":"https:\/\/dkkraner.dk\/#website"},"primaryImageOfPage":{"@id":"https:\/\/dkkraner.dk\/?page_id=370#primaryimage"},"datePublished":"2018-07-10T08:47:03+00:00","dateModified":"2019-11-05T13:04:06+00:00","description":"Vi har produceret mange mastekraner, og ved at lystb\u00e5dehavne beh\u00f8ver en brugervenlig, stabil og st\u00e6rk mastekran, som b\u00e5dejerne nemt selv kan betjene.","breadcrumb":{"@id":"https:\/\/dkkraner.dk\/?page_id=370#breadcrumb"},"inLanguage":"da-DK","potentialAction":[{"@type":"ReadAction","target":["https:\/\/dkkraner.dk\/?page_id=370"]}]},{"@type":"BreadcrumbList","@id":"https:\/\/dkkraner.dk\/?page_id=370#breadcrumb","itemListElement":[{"@type":"ListItem","position":1,"name":"Hjem","item":"https:\/\/dkkraner.dk\/"},{"@type":"ListItem","position":2,"name":"Mastekraner"}]}]}},"_links":{"self":[{"href":"https:\/\/dkkraner.dk\/index.php?rest_route=\/wp\/v2\/pages\/370","targetHints":{"allow":["GET"]}}],"collection":[{"href":"https:\/\/dkkraner.dk\/index.php?rest_route=\/wp\/v2\/pages"}],"about":[{"href":"https:\/\/dkkraner.dk\/index.php?rest_route=\/wp\/v2\/types\/page"}],"author":[{"embeddable":true,"href":"https:\/\/dkkraner.dk\/index.php?rest_route=\/wp\/v2\/users\/4"}],"replies":[{"embeddable":true,"href":"https:\/\/dkkraner.dk\/index.php?rest_route=%2Fwp%2Fv2%2Fcomments&post=370"}],"version-history":[{"count":47,"href":"https:\/\/dkkraner.dk\/index.php?rest_route=\/wp\/v2\/pages\/370\/revisions"}],"predecessor-version":[{"id":819,"href":"https:\/\/dkkraner.dk\/index.php?rest_route=\/wp\/v2\/pages\/370\/revisions\/819"}],"wp:attachment":[{"href":"https:\/\/dkkraner.dk\/index.php?rest_route=%2Fwp%2Fv2%2Fmedia&parent=370"}],"curies":[{"name":"wp","href":"https:\/\/api.w.org\/{rel}","templated":true}]}}