{"id":357,"date":"2018-03-22T15:21:02","date_gmt":"2018-03-22T14:21:02","guid":{"rendered":"https:\/\/dkkraner.dk\/?page_id=357"},"modified":"2019-04-16T13:54:24","modified_gmt":"2019-04-16T11:54:24","slug":"street-cranes","status":"publish","type":"page","link":"https:\/\/dkkraner.dk\/?page_id=357","title":{"rendered":"Street Cranes"},"content":{"rendered":"\n<h1 class=\"wp-block-heading\">Her kan du l\u00e6se 10 gode grunde til at investere i Street ZX hejse fra Street Cranes:<\/h1>\n\n\n\n<div class=\"wp-block-columns has-2-columns is-layout-flex wp-container-core-columns-is-layout-9d6595d7 wp-block-columns-is-layout-flex\">\n<div class=\"wp-block-column is-layout-flow wp-block-column-is-layout-flow\">\n<h5 class=\"wp-block-heading\"><strong>1.Unikt taljedesign med bremset gearkasse. Det giver v\u00e6sentlig forbedret sikkerhed, p\u00e5lidelighed og vedligehold i forhold til taljer med motorbremse.<\/strong><\/h5>\n\n\n\n<ul class=\"wp-block-list\"><li>\u00d8get lastsikkerhed<\/li><\/ul>\n\n\n\n<ul class=\"wp-block-list\"><li>Taljebremsen holder byrden, selv hvis taljens motor fjernes, eller koblingen\/motorakselen er defekt<\/li><\/ul>\n\n\n\n<ul class=\"wp-block-list\"><li>Driftstemperaturen i motoren er lavere, da varmen fra bremsen ikke optages i motoren<\/li><\/ul>\n\n\n\n<ul class=\"wp-block-list\"><li>Taljebremsen er nemt tilg\u00e6ngelig for service<\/li><\/ul>\n\n\n\n<hr class=\"wp-block-separator\"\/>\n\n\n\n<h5 class=\"wp-block-heading\"><strong>2. Ingen ekstern taljegear<\/strong><\/h5>\n\n\n\n<ul class=\"wp-block-list\"><li>Automastik taljegearkasse med h\u00e6rdede tandhjul, som alle er neds\u00e6nket i olie<\/li><\/ul>\n\n\n\n<ul class=\"wp-block-list\"><li>L\u00e6ngere levetid p\u00e5 taljegearkassen i forhold til taljer med eksterne gear<\/li><\/ul>\n\n\n\n<ul class=\"wp-block-list\"><li>Markant lavere risiko for sm\u00f8ringsproblemer i taljegearkassen<\/li><\/ul>\n\n\n\n<hr class=\"wp-block-separator\"\/>\n\n\n\n<h5 class=\"wp-block-heading\"><strong>3. Ingen eksterne l\u00f8bekatgear<\/strong><\/h5>\n\n\n\n<ul class=\"wp-block-list\"><li>Direkte drevet taljel\u00f8bekat (enkelt eller dobbelt bj\u00e6lke) med h\u00e6rdede pr\u00e6cisionstandhjul, der er permanent i oliebad<\/li><\/ul>\n\n\n\n<ul class=\"wp-block-list\"><li>L\u00e6ngere levetid p\u00e5 l\u00f8bekattens gearkasse i forhold til k\u00f8bekatte med udvendige gear<\/li><\/ul>\n\n\n\n<ul class=\"wp-block-list\"><li>Markant lavere risiko for sm\u00f8ringsproblemer i trolje gearkasse<\/li><\/ul>\n\n\n\n<hr class=\"wp-block-separator\"\/>\n\n\n\n<h5 class=\"wp-block-heading\"><strong>4. Lang levetid p\u00e5 styreruller mindsker slitage p\u00e5 l\u00f8bekattens hjul<\/strong><\/h5>\n\n\n\n<ul class=\"wp-block-list\"><li>Styreruller reducerer behovet for flangehjul, som er et stort slitagepunkt p\u00e5 konkurrenternes taljer<\/li><\/ul>\n\n\n\n<ul class=\"wp-block-list\"><li>Slitage p\u00e5 kranbj\u00e6lken er ogs\u00e5 elimineret<\/li><\/ul>\n\n\n\n<ul class=\"wp-block-list\"><li>Brugen af styreruller og kravefri hjul reducerer rullemodstanden og forbedrer l\u00f8bekattens stabilitet og styring<\/li><\/ul>\n\n\n\n<hr class=\"wp-block-separator\"\/>\n\n\n\n<h5 class=\"wp-block-heading\"><strong>5. Reaktionsrulle overfl\u00f8digg\u00f8r behovet for kontrav\u00e6gt<\/strong><\/h5>\n\n\n\n<ul class=\"wp-block-list\"><li>Reduceret taljens og kranens v\u00e6gt<\/li><\/ul>\n\n\n\n<ul class=\"wp-block-list\"><li>Forbedret tr\u00e6kkraft og kontrol<\/li><\/ul>\n<\/div>\n\n\n\n<div class=\"wp-block-column is-layout-flow wp-block-column-is-layout-flow\">\n<h5 class=\"wp-block-heading\"><strong>6. Avanceret kontrolsystem<\/strong><\/h5>\n\n\n\n<ul class=\"wp-block-list\"><li>2-hastighedsmotor med softstart (svinghjul) plus kontrol fra langsom til hurtig hastighed, hvilket giver god hastighedskontrol uden brug af elektronik<\/li><\/ul>\n\n\n\n<ul class=\"wp-block-list\"><li>SC Smartdrive sensorl\u00f8st kontrolsystem med LED diagnostik, tilstandosverv\u00e5gning og flytbart hukommelseskort. Hastigheder, acceleration og de-acceleration er fuldt programmerbare<\/li><\/ul>\n\n\n\n<hr class=\"wp-block-separator\"\/>\n\n\n\n<h5 class=\"wp-block-heading\"><strong>7. Dobbelte wirerstyr giver forbedret p\u00e5lidelighed<\/strong><\/h5>\n\n\n\n<ul class=\"wp-block-list\"><li>Indvendige wirestyr holder wiren stram p\u00e5 tromlen og forhindrer \u00f8del\u00e6ggelse af wiren, hvis operat\u00f8ren for\u00e5rsager, at wiren bliver slap<\/li><\/ul>\n\n\n\n<ul class=\"wp-block-list\"><li>Ydre wirestyr sikrer, at wiren bliver lagt rigtigt p\u00e5 tromlen<\/li><\/ul>\n\n\n\n<hr class=\"wp-block-separator\"\/>\n\n\n\n<h5 class=\"wp-block-heading\"><strong>8. Patenteret overlastsikring, som forhindrer overbelastning af anl\u00e6gget<\/strong><\/h5>\n\n\n\n<ul class=\"wp-block-list\"><li>Overlastsikringen er placeret i taljegearkassen og vejer derfor altid den totale last, som taljemekanismen overf\u00f8rer (ikke kun lasten p\u00e5 \u00e9n eller to wirer)<\/li><\/ul>\n\n\n\n<ul class=\"wp-block-list\"><li>Direkte m\u00e5ling af belastningen uden el-komponenter<\/li><\/ul>\n\n\n\n<hr class=\"wp-block-separator\"\/>\n\n\n\n<h5 class=\"wp-block-heading\"><strong>9. Justerbare DC skivebremser p\u00e5 traves og l\u00f8bekat s\u00f8rger for kontrolleret bremsning<\/strong><\/h5>\n\n\n\n<ul class=\"wp-block-list\"><li>Justerbart bremsemoment kan justeres til den \u00f8nskede bremsel\u00e6ngde<\/li><\/ul>\n\n\n\n<hr class=\"wp-block-separator\"\/>\n\n\n\n<h5 class=\"wp-block-heading\"><strong>10. Levetidsomkostninger er en god sammenligning, og ZK teknologien er designet til at give mindre service- og vedligeholdelsesomkostninger<\/strong><\/h5>\n\n\n\n<ul class=\"wp-block-list\"><li>ZX designet reducerer tidsforbrug og vedligeholdelsesomkostningerne, da arbejdet kan udf\u00f8res uden demontering af taljen<\/li><\/ul>\n\n\n\n<ul class=\"wp-block-list\"><li>Ekstern taljebremse, motor og gear giver nem adgang<\/li><\/ul>\n\n\n\n<ul class=\"wp-block-list\"><li>Inspektionsd\u00e6ksel til taljegear<\/li><\/ul>\n\n\n\n<ul class=\"wp-block-list\"><li>Nem adgang til motor inspektion<\/li><\/ul>\n\n\n\n<ul class=\"wp-block-list\"><li>Overlastsikring p\u00e5 taljemotor<\/li><\/ul>\n\n\n\n<ul class=\"wp-block-list\"><li>Timeregistrering til service<\/li><\/ul>\n\n\n\n<ul class=\"wp-block-list\"><li>Sikring mod forkert fasekobling<\/li><\/ul>\n\n\n\n<ul class=\"wp-block-list\"><li>Sp\u00e6ndings- og overstr\u00f8msbeskyttelse<\/li><\/ul>\n<\/div>\n<\/div>\n","protected":false},"excerpt":{"rendered":"<p>Her kan du l\u00e6se 10 gode grunde til at investere i Street ZX hejse fra Street Cranes: 1.Unikt taljedesign med bremset gearkasse. Det giver v\u00e6sentlig forbedret sikkerhed, p\u00e5lidelighed og vedligehold i forhold til taljer med motorbremse. \u00d8get lastsikkerhed Taljebremsen holder byrden, selv hvis taljens motor fjernes, eller koblingen\/motorakselen er defekt Driftstemperaturen i motoren er lavere, [&hellip;]<\/p>\n","protected":false},"author":4,"featured_media":0,"parent":0,"menu_order":0,"comment_status":"closed","ping_status":"closed","template":"","meta":{"footnotes":""},"class_list":["post-357","page","type-page","status-publish","hentry"],"yoast_head":"<!-- This site is optimized with the Yoast SEO plugin v18.2 - https:\/\/yoast.com\/wordpress\/plugins\/seo\/ -->\n<title>Forhandler af Street Cranes - K\u00f8b kraner fra Englands f\u00f8rende producent<\/title>\n<meta name=\"description\" content=\"Med over 70 \u00e5rs erfaring er vi stolte af at v\u00e6re forhandler af Street Cranes. Vi forhandler de bedste kraner fra Street Cranes i Danmark.\" \/>\n<meta name=\"robots\" content=\"index, follow, max-snippet:-1, max-image-preview:large, max-video-preview:-1\" \/>\n<link rel=\"canonical\" href=\"https:\/\/dkkraner.dk\/?page_id=357\" \/>\n<meta property=\"og:locale\" content=\"da_DK\" \/>\n<meta property=\"og:type\" content=\"article\" \/>\n<meta property=\"og:title\" content=\"Forhandler af Street Cranes - K\u00f8b kraner fra Englands f\u00f8rende producent\" \/>\n<meta property=\"og:description\" content=\"Med over 70 \u00e5rs erfaring er vi stolte af at v\u00e6re forhandler af Street Cranes. Vi forhandler de bedste kraner fra Street Cranes i Danmark.\" \/>\n<meta property=\"og:url\" content=\"https:\/\/dkkraner.dk\/?page_id=357\" \/>\n<meta property=\"og:site_name\" content=\"DK Kraner\" \/>\n<meta property=\"article:modified_time\" content=\"2019-04-16T11:54:24+00:00\" \/>\n<meta name=\"twitter:card\" content=\"summary_large_image\" \/>\n<meta name=\"twitter:label1\" content=\"Estimeret l\u00e6setid\" \/>\n\t<meta name=\"twitter:data1\" content=\"2 minutter\" \/>\n<script type=\"application\/ld+json\" class=\"yoast-schema-graph\">{\"@context\":\"https:\/\/schema.org\",\"@graph\":[{\"@type\":\"Organization\",\"@id\":\"https:\/\/dkkraner.dk\/#organization\",\"name\":\"DK Cranes\",\"url\":\"https:\/\/dkkraner.dk\/\",\"sameAs\":[],\"logo\":{\"@type\":\"ImageObject\",\"@id\":\"https:\/\/dkkraner.dk\/#logo\",\"inLanguage\":\"da-DK\",\"url\":\"https:\/\/dkkraner.dk\/wp-content\/uploads\/2018\/03\/dk_kraner_logo_1.png\",\"contentUrl\":\"https:\/\/dkkraner.dk\/wp-content\/uploads\/2018\/03\/dk_kraner_logo_1.png\",\"width\":239,\"height\":64,\"caption\":\"DK Cranes\"},\"image\":{\"@id\":\"https:\/\/dkkraner.dk\/#logo\"}},{\"@type\":\"WebSite\",\"@id\":\"https:\/\/dkkraner.dk\/#website\",\"url\":\"https:\/\/dkkraner.dk\/\",\"name\":\"DK Cranes\",\"description\":\"Vores service, din sikkerhed....!\",\"publisher\":{\"@id\":\"https:\/\/dkkraner.dk\/#organization\"},\"potentialAction\":[{\"@type\":\"SearchAction\",\"target\":{\"@type\":\"EntryPoint\",\"urlTemplate\":\"https:\/\/dkkraner.dk\/?s={search_term_string}\"},\"query-input\":\"required name=search_term_string\"}],\"inLanguage\":\"da-DK\"},{\"@type\":\"WebPage\",\"@id\":\"https:\/\/dkkraner.dk\/?page_id=357#webpage\",\"url\":\"https:\/\/dkkraner.dk\/?page_id=357\",\"name\":\"Forhandler af Street Cranes - K\u00f8b kraner fra Englands f\u00f8rende producent\",\"isPartOf\":{\"@id\":\"https:\/\/dkkraner.dk\/#website\"},\"datePublished\":\"2018-03-22T14:21:02+00:00\",\"dateModified\":\"2019-04-16T11:54:24+00:00\",\"description\":\"Med over 70 \u00e5rs erfaring er vi stolte af at v\u00e6re forhandler af Street Cranes. Vi forhandler de bedste kraner fra Street Cranes i Danmark.\",\"breadcrumb\":{\"@id\":\"https:\/\/dkkraner.dk\/?page_id=357#breadcrumb\"},\"inLanguage\":\"da-DK\",\"potentialAction\":[{\"@type\":\"ReadAction\",\"target\":[\"https:\/\/dkkraner.dk\/?page_id=357\"]}]},{\"@type\":\"BreadcrumbList\",\"@id\":\"https:\/\/dkkraner.dk\/?page_id=357#breadcrumb\",\"itemListElement\":[{\"@type\":\"ListItem\",\"position\":1,\"name\":\"Hjem\",\"item\":\"https:\/\/dkkraner.dk\/\"},{\"@type\":\"ListItem\",\"position\":2,\"name\":\"Street Cranes\"}]}]}<\/script>\n<!-- \/ Yoast SEO plugin. -->","yoast_head_json":{"title":"Forhandler af Street Cranes - K\u00f8b kraner fra Englands f\u00f8rende producent","description":"Med over 70 \u00e5rs erfaring er vi stolte af at v\u00e6re forhandler af Street Cranes. Vi forhandler de bedste kraner fra Street Cranes i Danmark.","robots":{"index":"index","follow":"follow","max-snippet":"max-snippet:-1","max-image-preview":"max-image-preview:large","max-video-preview":"max-video-preview:-1"},"canonical":"https:\/\/dkkraner.dk\/?page_id=357","og_locale":"da_DK","og_type":"article","og_title":"Forhandler af Street Cranes - K\u00f8b kraner fra Englands f\u00f8rende producent","og_description":"Med over 70 \u00e5rs erfaring er vi stolte af at v\u00e6re forhandler af Street Cranes. Vi forhandler de bedste kraner fra Street Cranes i Danmark.","og_url":"https:\/\/dkkraner.dk\/?page_id=357","og_site_name":"DK Kraner","article_modified_time":"2019-04-16T11:54:24+00:00","twitter_card":"summary_large_image","twitter_misc":{"Estimeret l\u00e6setid":"2 minutter"},"schema":{"@context":"https:\/\/schema.org","@graph":[{"@type":"Organization","@id":"https:\/\/dkkraner.dk\/#organization","name":"DK Cranes","url":"https:\/\/dkkraner.dk\/","sameAs":[],"logo":{"@type":"ImageObject","@id":"https:\/\/dkkraner.dk\/#logo","inLanguage":"da-DK","url":"https:\/\/dkkraner.dk\/wp-content\/uploads\/2018\/03\/dk_kraner_logo_1.png","contentUrl":"https:\/\/dkkraner.dk\/wp-content\/uploads\/2018\/03\/dk_kraner_logo_1.png","width":239,"height":64,"caption":"DK Cranes"},"image":{"@id":"https:\/\/dkkraner.dk\/#logo"}},{"@type":"WebSite","@id":"https:\/\/dkkraner.dk\/#website","url":"https:\/\/dkkraner.dk\/","name":"DK Cranes","description":"Vores service, din sikkerhed....!","publisher":{"@id":"https:\/\/dkkraner.dk\/#organization"},"potentialAction":[{"@type":"SearchAction","target":{"@type":"EntryPoint","urlTemplate":"https:\/\/dkkraner.dk\/?s={search_term_string}"},"query-input":"required name=search_term_string"}],"inLanguage":"da-DK"},{"@type":"WebPage","@id":"https:\/\/dkkraner.dk\/?page_id=357#webpage","url":"https:\/\/dkkraner.dk\/?page_id=357","name":"Forhandler af Street Cranes - K\u00f8b kraner fra Englands f\u00f8rende producent","isPartOf":{"@id":"https:\/\/dkkraner.dk\/#website"},"datePublished":"2018-03-22T14:21:02+00:00","dateModified":"2019-04-16T11:54:24+00:00","description":"Med over 70 \u00e5rs erfaring er vi stolte af at v\u00e6re forhandler af Street Cranes. Vi forhandler de bedste kraner fra Street Cranes i Danmark.","breadcrumb":{"@id":"https:\/\/dkkraner.dk\/?page_id=357#breadcrumb"},"inLanguage":"da-DK","potentialAction":[{"@type":"ReadAction","target":["https:\/\/dkkraner.dk\/?page_id=357"]}]},{"@type":"BreadcrumbList","@id":"https:\/\/dkkraner.dk\/?page_id=357#breadcrumb","itemListElement":[{"@type":"ListItem","position":1,"name":"Hjem","item":"https:\/\/dkkraner.dk\/"},{"@type":"ListItem","position":2,"name":"Street Cranes"}]}]}},"_links":{"self":[{"href":"https:\/\/dkkraner.dk\/index.php?rest_route=\/wp\/v2\/pages\/357","targetHints":{"allow":["GET"]}}],"collection":[{"href":"https:\/\/dkkraner.dk\/index.php?rest_route=\/wp\/v2\/pages"}],"about":[{"href":"https:\/\/dkkraner.dk\/index.php?rest_route=\/wp\/v2\/types\/page"}],"author":[{"embeddable":true,"href":"https:\/\/dkkraner.dk\/index.php?rest_route=\/wp\/v2\/users\/4"}],"replies":[{"embeddable":true,"href":"https:\/\/dkkraner.dk\/index.php?rest_route=%2Fwp%2Fv2%2Fcomments&post=357"}],"version-history":[{"count":22,"href":"https:\/\/dkkraner.dk\/index.php?rest_route=\/wp\/v2\/pages\/357\/revisions"}],"predecessor-version":[{"id":791,"href":"https:\/\/dkkraner.dk\/index.php?rest_route=\/wp\/v2\/pages\/357\/revisions\/791"}],"wp:attachment":[{"href":"https:\/\/dkkraner.dk\/index.php?rest_route=%2Fwp%2Fv2%2Fmedia&parent=357"}],"curies":[{"name":"wp","href":"https:\/\/api.w.org\/{rel}","templated":true}]}}