{"id":322,"date":"2017-11-16T08:39:19","date_gmt":"2017-11-16T07:39:19","guid":{"rendered":"http:\/\/test.dkkraner.dk\/?page_id=322"},"modified":"2019-04-15T17:11:56","modified_gmt":"2019-04-15T15:11:56","slug":"om-os","status":"publish","type":"page","link":"https:\/\/dkkraner.dk\/?page_id=322","title":{"rendered":"Om os"},"content":{"rendered":"\n<h1 class=\"wp-block-heading\"><strong>Om DK Cranes \/ Jydsk St\u00e5ldesign<\/strong><\/h1>\n\n\n\n<div class=\"wp-block-columns has-2-columns is-layout-flex wp-container-core-columns-is-layout-9d6595d7 wp-block-columns-is-layout-flex\">\n<div class=\"wp-block-column is-layout-flow wp-block-column-is-layout-flow\">\n<p>Historien om DK Cranes er grundlagt i marts 2004, hvor virksomhedens ejer Morten Kjer forlod sit dav\u00e6rende job i kranbranchen. Han har v\u00e6ret i kranbranchen siden maj 1998. Virksomheden blev p\u00e5 dav\u00e6rende tidspunkt navngivet Jydsk St\u00e5ldesign, men har efterf\u00f8lgende \u00e6ndret navn til DK Cranes.<\/p>\n\n\n\n<p>Visionerne for egen fabrik var at fremstille alle former for smedeopgaver til industrien og private inden for overd\u00e6kninger, gel\u00e6ndere m.m. S\u00e5dan skulle det dog ikke v\u00e6re.<\/p>\n\n\n\n<p>P\u00e5 grund af stor eftersp\u00f8rgsel efter Morten Kjers ekspertise indenfor udviklingen af kraner, l\u00f8ftegrej samt montering af dette, blev visionerne for virksomheden \u00e6ndret.<\/p>\n\n\n\n<p>Morten Kjer blev kontaktet af det kranfirma, han tidligere arbejde hos, som gerne ville have produceret deres kraner og k\u00f8ftegref af DK Cranes.&nbsp;<br><\/p>\n<\/div>\n\n\n\n<div class=\"wp-block-column is-layout-flow wp-block-column-is-layout-flow\">\n<p>DK Cranes har derfor siden maj 2004 fremstillet og monteret alle former for kraner, l\u00f8ftegrej m.m.<\/p>\n\n\n\n<p>Efter flere \u00e5r som underleverand\u00f8r i kranbranchen valgte vi at blive en selvst\u00e6ndig producent og leverand\u00f8r af kraner. P\u00e5 grund af vores gode erfaring, valgt vi nu at st\u00e5 p\u00e5 egne ben. <\/p>\n\n\n\n<p>Dette skete i forbindelse med, at vi blev forhandlere af det engelske produkt Street Crane.<\/p>\n\n\n\n<p>L\u00e6s mere om de forskellige kraner, som DK Cranes udvikler her: <a href=\"\/\">havne- og industrikraner<\/a>.<\/p>\n<\/div>\n<\/div>\n","protected":false},"excerpt":{"rendered":"<p>Om DK Cranes \/ Jydsk St\u00e5ldesign Historien om DK Cranes er grundlagt i marts 2004, hvor virksomhedens ejer Morten Kjer forlod sit dav\u00e6rende job i kranbranchen. Han har v\u00e6ret i kranbranchen siden maj 1998. Virksomheden blev p\u00e5 dav\u00e6rende tidspunkt navngivet Jydsk St\u00e5ldesign, men har efterf\u00f8lgende \u00e6ndret navn til DK Cranes. Visionerne for egen fabrik var [&hellip;]<\/p>\n","protected":false},"author":4,"featured_media":0,"parent":0,"menu_order":0,"comment_status":"closed","ping_status":"closed","template":"","meta":{"footnotes":""},"class_list":["post-322","page","type-page","status-publish","hentry"],"yoast_head":"<!-- This site is optimized with the Yoast SEO plugin v18.2 - https:\/\/yoast.com\/wordpress\/plugins\/seo\/ -->\n<title>Om os - Over 20 \u00e5rs erfaring med produktion af kraner<\/title>\n<meta name=\"description\" content=\"Omdrejningspunktet i DK Cranes er Morten Kjer. Efter mange \u00e5r i branchen valgte han at lave sin egen vikrsomhed. L\u00e6s om DK Cranes og de kraner vi laver.\" \/>\n<meta name=\"robots\" content=\"index, follow, max-snippet:-1, max-image-preview:large, max-video-preview:-1\" \/>\n<link rel=\"canonical\" href=\"https:\/\/dkkraner.dk\/?page_id=322\" \/>\n<meta property=\"og:locale\" content=\"da_DK\" \/>\n<meta property=\"og:type\" content=\"article\" \/>\n<meta property=\"og:title\" content=\"Om os - Over 20 \u00e5rs erfaring med produktion af kraner\" \/>\n<meta property=\"og:description\" content=\"Omdrejningspunktet i DK Cranes er Morten Kjer. Efter mange \u00e5r i branchen valgte han at lave sin egen vikrsomhed. L\u00e6s om DK Cranes og de kraner vi laver.\" \/>\n<meta property=\"og:url\" content=\"https:\/\/dkkraner.dk\/?page_id=322\" \/>\n<meta property=\"og:site_name\" content=\"DK Kraner\" \/>\n<meta property=\"article:modified_time\" content=\"2019-04-15T15:11:56+00:00\" \/>\n<meta name=\"twitter:card\" content=\"summary_large_image\" \/>\n<meta name=\"twitter:label1\" content=\"Estimeret l\u00e6setid\" \/>\n\t<meta name=\"twitter:data1\" content=\"1 minut\" \/>\n<script type=\"application\/ld+json\" class=\"yoast-schema-graph\">{\"@context\":\"https:\/\/schema.org\",\"@graph\":[{\"@type\":\"Organization\",\"@id\":\"https:\/\/dkkraner.dk\/#organization\",\"name\":\"DK Cranes\",\"url\":\"https:\/\/dkkraner.dk\/\",\"sameAs\":[],\"logo\":{\"@type\":\"ImageObject\",\"@id\":\"https:\/\/dkkraner.dk\/#logo\",\"inLanguage\":\"da-DK\",\"url\":\"https:\/\/dkkraner.dk\/wp-content\/uploads\/2018\/03\/dk_kraner_logo_1.png\",\"contentUrl\":\"https:\/\/dkkraner.dk\/wp-content\/uploads\/2018\/03\/dk_kraner_logo_1.png\",\"width\":239,\"height\":64,\"caption\":\"DK Cranes\"},\"image\":{\"@id\":\"https:\/\/dkkraner.dk\/#logo\"}},{\"@type\":\"WebSite\",\"@id\":\"https:\/\/dkkraner.dk\/#website\",\"url\":\"https:\/\/dkkraner.dk\/\",\"name\":\"DK Cranes\",\"description\":\"Vores service, din sikkerhed....!\",\"publisher\":{\"@id\":\"https:\/\/dkkraner.dk\/#organization\"},\"potentialAction\":[{\"@type\":\"SearchAction\",\"target\":{\"@type\":\"EntryPoint\",\"urlTemplate\":\"https:\/\/dkkraner.dk\/?s={search_term_string}\"},\"query-input\":\"required name=search_term_string\"}],\"inLanguage\":\"da-DK\"},{\"@type\":\"WebPage\",\"@id\":\"https:\/\/dkkraner.dk\/?page_id=322#webpage\",\"url\":\"https:\/\/dkkraner.dk\/?page_id=322\",\"name\":\"Om os - Over 20 \u00e5rs erfaring med produktion af kraner\",\"isPartOf\":{\"@id\":\"https:\/\/dkkraner.dk\/#website\"},\"datePublished\":\"2017-11-16T07:39:19+00:00\",\"dateModified\":\"2019-04-15T15:11:56+00:00\",\"description\":\"Omdrejningspunktet i DK Cranes er Morten Kjer. Efter mange \u00e5r i branchen valgte han at lave sin egen vikrsomhed. L\u00e6s om DK Cranes og de kraner vi laver.\",\"breadcrumb\":{\"@id\":\"https:\/\/dkkraner.dk\/?page_id=322#breadcrumb\"},\"inLanguage\":\"da-DK\",\"potentialAction\":[{\"@type\":\"ReadAction\",\"target\":[\"https:\/\/dkkraner.dk\/?page_id=322\"]}]},{\"@type\":\"BreadcrumbList\",\"@id\":\"https:\/\/dkkraner.dk\/?page_id=322#breadcrumb\",\"itemListElement\":[{\"@type\":\"ListItem\",\"position\":1,\"name\":\"Hjem\",\"item\":\"https:\/\/dkkraner.dk\/\"},{\"@type\":\"ListItem\",\"position\":2,\"name\":\"Om os\"}]}]}<\/script>\n<!-- \/ Yoast SEO plugin. -->","yoast_head_json":{"title":"Om os - Over 20 \u00e5rs erfaring med produktion af kraner","description":"Omdrejningspunktet i DK Cranes er Morten Kjer. Efter mange \u00e5r i branchen valgte han at lave sin egen vikrsomhed. L\u00e6s om DK Cranes og de kraner vi laver.","robots":{"index":"index","follow":"follow","max-snippet":"max-snippet:-1","max-image-preview":"max-image-preview:large","max-video-preview":"max-video-preview:-1"},"canonical":"https:\/\/dkkraner.dk\/?page_id=322","og_locale":"da_DK","og_type":"article","og_title":"Om os - Over 20 \u00e5rs erfaring med produktion af kraner","og_description":"Omdrejningspunktet i DK Cranes er Morten Kjer. Efter mange \u00e5r i branchen valgte han at lave sin egen vikrsomhed. L\u00e6s om DK Cranes og de kraner vi laver.","og_url":"https:\/\/dkkraner.dk\/?page_id=322","og_site_name":"DK Kraner","article_modified_time":"2019-04-15T15:11:56+00:00","twitter_card":"summary_large_image","twitter_misc":{"Estimeret l\u00e6setid":"1 minut"},"schema":{"@context":"https:\/\/schema.org","@graph":[{"@type":"Organization","@id":"https:\/\/dkkraner.dk\/#organization","name":"DK Cranes","url":"https:\/\/dkkraner.dk\/","sameAs":[],"logo":{"@type":"ImageObject","@id":"https:\/\/dkkraner.dk\/#logo","inLanguage":"da-DK","url":"https:\/\/dkkraner.dk\/wp-content\/uploads\/2018\/03\/dk_kraner_logo_1.png","contentUrl":"https:\/\/dkkraner.dk\/wp-content\/uploads\/2018\/03\/dk_kraner_logo_1.png","width":239,"height":64,"caption":"DK Cranes"},"image":{"@id":"https:\/\/dkkraner.dk\/#logo"}},{"@type":"WebSite","@id":"https:\/\/dkkraner.dk\/#website","url":"https:\/\/dkkraner.dk\/","name":"DK Cranes","description":"Vores service, din sikkerhed....!","publisher":{"@id":"https:\/\/dkkraner.dk\/#organization"},"potentialAction":[{"@type":"SearchAction","target":{"@type":"EntryPoint","urlTemplate":"https:\/\/dkkraner.dk\/?s={search_term_string}"},"query-input":"required name=search_term_string"}],"inLanguage":"da-DK"},{"@type":"WebPage","@id":"https:\/\/dkkraner.dk\/?page_id=322#webpage","url":"https:\/\/dkkraner.dk\/?page_id=322","name":"Om os - Over 20 \u00e5rs erfaring med produktion af kraner","isPartOf":{"@id":"https:\/\/dkkraner.dk\/#website"},"datePublished":"2017-11-16T07:39:19+00:00","dateModified":"2019-04-15T15:11:56+00:00","description":"Omdrejningspunktet i DK Cranes er Morten Kjer. Efter mange \u00e5r i branchen valgte han at lave sin egen vikrsomhed. L\u00e6s om DK Cranes og de kraner vi laver.","breadcrumb":{"@id":"https:\/\/dkkraner.dk\/?page_id=322#breadcrumb"},"inLanguage":"da-DK","potentialAction":[{"@type":"ReadAction","target":["https:\/\/dkkraner.dk\/?page_id=322"]}]},{"@type":"BreadcrumbList","@id":"https:\/\/dkkraner.dk\/?page_id=322#breadcrumb","itemListElement":[{"@type":"ListItem","position":1,"name":"Hjem","item":"https:\/\/dkkraner.dk\/"},{"@type":"ListItem","position":2,"name":"Om os"}]}]}},"_links":{"self":[{"href":"https:\/\/dkkraner.dk\/index.php?rest_route=\/wp\/v2\/pages\/322","targetHints":{"allow":["GET"]}}],"collection":[{"href":"https:\/\/dkkraner.dk\/index.php?rest_route=\/wp\/v2\/pages"}],"about":[{"href":"https:\/\/dkkraner.dk\/index.php?rest_route=\/wp\/v2\/types\/page"}],"author":[{"embeddable":true,"href":"https:\/\/dkkraner.dk\/index.php?rest_route=\/wp\/v2\/users\/4"}],"replies":[{"embeddable":true,"href":"https:\/\/dkkraner.dk\/index.php?rest_route=%2Fwp%2Fv2%2Fcomments&post=322"}],"version-history":[{"count":11,"href":"https:\/\/dkkraner.dk\/index.php?rest_route=\/wp\/v2\/pages\/322\/revisions"}],"predecessor-version":[{"id":676,"href":"https:\/\/dkkraner.dk\/index.php?rest_route=\/wp\/v2\/pages\/322\/revisions\/676"}],"wp:attachment":[{"href":"https:\/\/dkkraner.dk\/index.php?rest_route=%2Fwp%2Fv2%2Fmedia&parent=322"}],"curies":[{"name":"wp","href":"https:\/\/api.w.org\/{rel}","templated":true}]}}