{"id":32,"date":"2016-11-11T08:58:11","date_gmt":"2016-11-11T07:58:11","guid":{"rendered":"http:\/\/test.dkkraner.dk\/?page_id=32"},"modified":"2019-04-16T13:50:31","modified_gmt":"2019-04-16T11:50:31","slug":"renovering-flytning-udvidelser","status":"publish","type":"page","link":"https:\/\/dkkraner.dk\/?page_id=32","title":{"rendered":"Renoveringer, flytninger, udvidelser mm."},"content":{"rendered":"\n<h1 class=\"wp-block-heading\">Vi udf\u00f8rer bl.a. ogs\u00e5 renovering, flytning og udvidelser<\/h1>\n\n\n\n<p>\n\nUd over vores store sortiment af nye salg, har vi ogs\u00e5 specialiseret os i flytning, renovering og forl\u00e6ngelse af alle former fra krananl\u00e6g og lign.\n\n<\/p>\n\n\n\n<hr class=\"wp-block-separator\"\/>\n\n\n\n<div class=\"wp-block-columns has-2-columns is-layout-flex wp-container-core-columns-is-layout-9d6595d7 wp-block-columns-is-layout-flex\">\n<div class=\"wp-block-column is-layout-flow wp-block-column-is-layout-flow\">\n<h2 class=\"wp-block-heading\"><strong>Renovering<\/strong><\/h2>\n\n\n\n<p>Efter mange \u00e5r ude i alt slags vejr eller i dagligt brug i fabriks- og produktionshaller, tr\u00e6nger kranerne til en renovering. Vi foretager de n\u00f8dvendige justeringer, for at kranen igen kan bruges efter behovet.&nbsp;<\/p>\n<\/div>\n\n\n\n<div class=\"wp-block-column is-layout-flow wp-block-column-is-layout-flow\">\n<h2 class=\"wp-block-heading\" id=\"mce_6\"><strong>Flytning<\/strong><\/h2>\n\n\n\n<p>\n\nVores kunder har stor gl\u00e6de af vores store erfaring med kranflytning. Samtidig med man f\u00e5r flyttet sin kran, opdaterer vi jeres tilh\u00f8rende dokumentationsmateriale.\n\n<\/p>\n<\/div>\n<\/div>\n\n\n\n<div class=\"wp-block-columns has-2-columns is-layout-flex wp-container-core-columns-is-layout-9d6595d7 wp-block-columns-is-layout-flex\">\n<div class=\"wp-block-column is-layout-flow wp-block-column-is-layout-flow\">\n<h2 class=\"wp-block-heading\"><strong>Udvidelser<\/strong><\/h2>\n\n\n\n<p>Med vores ingeni\u00f8r og godkendelse til DS\/EN 1090 \u00e5bner dette ofte for muligheder. I st\u00f8rre eller mindre grad kan vi bruge bygninger eller andre konstruktioner til hj\u00e6lp med opf\u00f8rsel af ekstra b\u00e6ringer for kranbaner, svingkraner eller andet.<\/p>\n\n\n\n<p>Er dit kranbehov blevet st\u00f8rre eller flytter i til nye lokaler? Vi kommer gerne og inspicerer jeres nye behov for opf\u00f8rsel af tegninger. Dette medf\u00f8lger ogs\u00e5 efterf\u00f8lgende tilrettelser \/ \u00e6ndringer af kraner.<\/p>\n<\/div>\n\n\n\n<div class=\"wp-block-column is-layout-flow wp-block-column-is-layout-flow\">\n<h2 class=\"wp-block-heading\">&nbsp;<\/h2>\n<\/div>\n<\/div>\n","protected":false},"excerpt":{"rendered":"<p>Vi udf\u00f8rer bl.a. ogs\u00e5 renovering, flytning og udvidelser Ud over vores store sortiment af nye salg, har vi ogs\u00e5 specialiseret os i flytning, renovering og forl\u00e6ngelse af alle former fra krananl\u00e6g og lign. Renovering Efter mange \u00e5r ude i alt slags vejr eller i dagligt brug i fabriks- og produktionshaller, tr\u00e6nger kranerne til en renovering. [&hellip;]<\/p>\n","protected":false},"author":4,"featured_media":0,"parent":0,"menu_order":0,"comment_status":"closed","ping_status":"closed","template":"","meta":{"footnotes":""},"class_list":["post-32","page","type-page","status-publish","hentry"],"yoast_head":"<!-- This site is optimized with the Yoast SEO plugin v18.2 - https:\/\/yoast.com\/wordpress\/plugins\/seo\/ -->\n<title>Renoveringer, flytninger, udvidelser mm. - DK Kraner<\/title>\n<meta name=\"description\" content=\"Alle kraner og l\u00f8fte\u00e5g kr\u00e6ver p\u00e5 et tidspunkt at f\u00e5 foretaget renovering, flytning, udvidelse eller andet. Vi kan med h\u00f8j kvalitet tager os af dette.\" \/>\n<meta name=\"robots\" content=\"index, follow, max-snippet:-1, max-image-preview:large, max-video-preview:-1\" \/>\n<link rel=\"canonical\" href=\"https:\/\/dkkraner.dk\/?page_id=32\" \/>\n<meta property=\"og:locale\" content=\"da_DK\" \/>\n<meta property=\"og:type\" content=\"article\" \/>\n<meta property=\"og:title\" content=\"Renoveringer, flytninger, udvidelser mm. - DK Kraner\" \/>\n<meta property=\"og:description\" content=\"Alle kraner og l\u00f8fte\u00e5g kr\u00e6ver p\u00e5 et tidspunkt at f\u00e5 foretaget renovering, flytning, udvidelse eller andet. Vi kan med h\u00f8j kvalitet tager os af dette.\" \/>\n<meta property=\"og:url\" content=\"https:\/\/dkkraner.dk\/?page_id=32\" \/>\n<meta property=\"og:site_name\" content=\"DK Kraner\" \/>\n<meta property=\"article:modified_time\" content=\"2019-04-16T11:50:31+00:00\" \/>\n<meta name=\"twitter:card\" content=\"summary_large_image\" \/>\n<meta name=\"twitter:label1\" content=\"Estimeret l\u00e6setid\" \/>\n\t<meta name=\"twitter:data1\" content=\"1 minut\" \/>\n<script type=\"application\/ld+json\" class=\"yoast-schema-graph\">{\"@context\":\"https:\/\/schema.org\",\"@graph\":[{\"@type\":\"Organization\",\"@id\":\"https:\/\/dkkraner.dk\/#organization\",\"name\":\"DK Cranes\",\"url\":\"https:\/\/dkkraner.dk\/\",\"sameAs\":[],\"logo\":{\"@type\":\"ImageObject\",\"@id\":\"https:\/\/dkkraner.dk\/#logo\",\"inLanguage\":\"da-DK\",\"url\":\"https:\/\/dkkraner.dk\/wp-content\/uploads\/2018\/03\/dk_kraner_logo_1.png\",\"contentUrl\":\"https:\/\/dkkraner.dk\/wp-content\/uploads\/2018\/03\/dk_kraner_logo_1.png\",\"width\":239,\"height\":64,\"caption\":\"DK Cranes\"},\"image\":{\"@id\":\"https:\/\/dkkraner.dk\/#logo\"}},{\"@type\":\"WebSite\",\"@id\":\"https:\/\/dkkraner.dk\/#website\",\"url\":\"https:\/\/dkkraner.dk\/\",\"name\":\"DK Cranes\",\"description\":\"Vores service, din sikkerhed....!\",\"publisher\":{\"@id\":\"https:\/\/dkkraner.dk\/#organization\"},\"potentialAction\":[{\"@type\":\"SearchAction\",\"target\":{\"@type\":\"EntryPoint\",\"urlTemplate\":\"https:\/\/dkkraner.dk\/?s={search_term_string}\"},\"query-input\":\"required name=search_term_string\"}],\"inLanguage\":\"da-DK\"},{\"@type\":\"WebPage\",\"@id\":\"https:\/\/dkkraner.dk\/?page_id=32#webpage\",\"url\":\"https:\/\/dkkraner.dk\/?page_id=32\",\"name\":\"Renoveringer, flytninger, udvidelser mm. - DK Kraner\",\"isPartOf\":{\"@id\":\"https:\/\/dkkraner.dk\/#website\"},\"datePublished\":\"2016-11-11T07:58:11+00:00\",\"dateModified\":\"2019-04-16T11:50:31+00:00\",\"description\":\"Alle kraner og l\u00f8fte\u00e5g kr\u00e6ver p\u00e5 et tidspunkt at f\u00e5 foretaget renovering, flytning, udvidelse eller andet. Vi kan med h\u00f8j kvalitet tager os af dette.\",\"breadcrumb\":{\"@id\":\"https:\/\/dkkraner.dk\/?page_id=32#breadcrumb\"},\"inLanguage\":\"da-DK\",\"potentialAction\":[{\"@type\":\"ReadAction\",\"target\":[\"https:\/\/dkkraner.dk\/?page_id=32\"]}]},{\"@type\":\"BreadcrumbList\",\"@id\":\"https:\/\/dkkraner.dk\/?page_id=32#breadcrumb\",\"itemListElement\":[{\"@type\":\"ListItem\",\"position\":1,\"name\":\"Hjem\",\"item\":\"https:\/\/dkkraner.dk\/\"},{\"@type\":\"ListItem\",\"position\":2,\"name\":\"Renoveringer, flytninger, udvidelser mm.\"}]}]}<\/script>\n<!-- \/ Yoast SEO plugin. -->","yoast_head_json":{"title":"Renoveringer, flytninger, udvidelser mm. - DK Kraner","description":"Alle kraner og l\u00f8fte\u00e5g kr\u00e6ver p\u00e5 et tidspunkt at f\u00e5 foretaget renovering, flytning, udvidelse eller andet. Vi kan med h\u00f8j kvalitet tager os af dette.","robots":{"index":"index","follow":"follow","max-snippet":"max-snippet:-1","max-image-preview":"max-image-preview:large","max-video-preview":"max-video-preview:-1"},"canonical":"https:\/\/dkkraner.dk\/?page_id=32","og_locale":"da_DK","og_type":"article","og_title":"Renoveringer, flytninger, udvidelser mm. - DK Kraner","og_description":"Alle kraner og l\u00f8fte\u00e5g kr\u00e6ver p\u00e5 et tidspunkt at f\u00e5 foretaget renovering, flytning, udvidelse eller andet. Vi kan med h\u00f8j kvalitet tager os af dette.","og_url":"https:\/\/dkkraner.dk\/?page_id=32","og_site_name":"DK Kraner","article_modified_time":"2019-04-16T11:50:31+00:00","twitter_card":"summary_large_image","twitter_misc":{"Estimeret l\u00e6setid":"1 minut"},"schema":{"@context":"https:\/\/schema.org","@graph":[{"@type":"Organization","@id":"https:\/\/dkkraner.dk\/#organization","name":"DK Cranes","url":"https:\/\/dkkraner.dk\/","sameAs":[],"logo":{"@type":"ImageObject","@id":"https:\/\/dkkraner.dk\/#logo","inLanguage":"da-DK","url":"https:\/\/dkkraner.dk\/wp-content\/uploads\/2018\/03\/dk_kraner_logo_1.png","contentUrl":"https:\/\/dkkraner.dk\/wp-content\/uploads\/2018\/03\/dk_kraner_logo_1.png","width":239,"height":64,"caption":"DK Cranes"},"image":{"@id":"https:\/\/dkkraner.dk\/#logo"}},{"@type":"WebSite","@id":"https:\/\/dkkraner.dk\/#website","url":"https:\/\/dkkraner.dk\/","name":"DK Cranes","description":"Vores service, din sikkerhed....!","publisher":{"@id":"https:\/\/dkkraner.dk\/#organization"},"potentialAction":[{"@type":"SearchAction","target":{"@type":"EntryPoint","urlTemplate":"https:\/\/dkkraner.dk\/?s={search_term_string}"},"query-input":"required name=search_term_string"}],"inLanguage":"da-DK"},{"@type":"WebPage","@id":"https:\/\/dkkraner.dk\/?page_id=32#webpage","url":"https:\/\/dkkraner.dk\/?page_id=32","name":"Renoveringer, flytninger, udvidelser mm. - DK Kraner","isPartOf":{"@id":"https:\/\/dkkraner.dk\/#website"},"datePublished":"2016-11-11T07:58:11+00:00","dateModified":"2019-04-16T11:50:31+00:00","description":"Alle kraner og l\u00f8fte\u00e5g kr\u00e6ver p\u00e5 et tidspunkt at f\u00e5 foretaget renovering, flytning, udvidelse eller andet. Vi kan med h\u00f8j kvalitet tager os af dette.","breadcrumb":{"@id":"https:\/\/dkkraner.dk\/?page_id=32#breadcrumb"},"inLanguage":"da-DK","potentialAction":[{"@type":"ReadAction","target":["https:\/\/dkkraner.dk\/?page_id=32"]}]},{"@type":"BreadcrumbList","@id":"https:\/\/dkkraner.dk\/?page_id=32#breadcrumb","itemListElement":[{"@type":"ListItem","position":1,"name":"Hjem","item":"https:\/\/dkkraner.dk\/"},{"@type":"ListItem","position":2,"name":"Renoveringer, flytninger, udvidelser mm."}]}]}},"_links":{"self":[{"href":"https:\/\/dkkraner.dk\/index.php?rest_route=\/wp\/v2\/pages\/32","targetHints":{"allow":["GET"]}}],"collection":[{"href":"https:\/\/dkkraner.dk\/index.php?rest_route=\/wp\/v2\/pages"}],"about":[{"href":"https:\/\/dkkraner.dk\/index.php?rest_route=\/wp\/v2\/types\/page"}],"author":[{"embeddable":true,"href":"https:\/\/dkkraner.dk\/index.php?rest_route=\/wp\/v2\/users\/4"}],"replies":[{"embeddable":true,"href":"https:\/\/dkkraner.dk\/index.php?rest_route=%2Fwp%2Fv2%2Fcomments&post=32"}],"version-history":[{"count":25,"href":"https:\/\/dkkraner.dk\/index.php?rest_route=\/wp\/v2\/pages\/32\/revisions"}],"predecessor-version":[{"id":790,"href":"https:\/\/dkkraner.dk\/index.php?rest_route=\/wp\/v2\/pages\/32\/revisions\/790"}],"wp:attachment":[{"href":"https:\/\/dkkraner.dk\/index.php?rest_route=%2Fwp%2Fv2%2Fmedia&parent=32"}],"curies":[{"name":"wp","href":"https:\/\/api.w.org\/{rel}","templated":true}]}}